{"id":78,"date":"2022-01-27T08:42:27","date_gmt":"2022-01-27T07:42:27","guid":{"rendered":"https:\/\/youthful-zhukovsky.89-188-72-178.plesk.page.linux26.curanetserver.dk\/?page_id=78"},"modified":"2026-02-17T13:05:12","modified_gmt":"2026-02-17T12:05:12","slug":"frisoer-i-jaegergaardsgade-frederiksbjerg-headoffice-v-lotte-cecilie-christensen","status":"publish","type":"page","link":"https:\/\/youthful-zhukovsky.89-188-72-178.plesk.page\/","title":{"rendered":"Forside"},"content":{"rendered":"\n[et_pb_section fb_built=&#8221;1&#8243; _builder_version=&#8221;4.14.7&#8243; _module_preset=&#8221;default&#8221; background_image=&#8221;https:\/\/youthful-zhukovsky.89-188-72-178.plesk.page.linux26.curanetserver.dk\/wp-content\/uploads\/2022\/11\/Untitled-1.jpg&#8221; max_height_tablet=&#8221;&#8221; max_height_phone=&#8221;150px&#8221; max_height_last_edited=&#8221;on|phone&#8221; custom_margin=&#8221;||-28px||false|false&#8221; custom_margin_tablet=&#8221;||-28px||false|false&#8221; custom_margin_phone=&#8221;-57px||0px||false|false&#8221; custom_margin_last_edited=&#8221;on|phone&#8221; global_colors_info=&#8221;{}&#8221;][et_pb_row _builder_version=&#8221;4.14.7&#8243; _module_preset=&#8221;default&#8221; global_colors_info=&#8221;{}&#8221;][et_pb_column type=&#8221;4_4&#8243; _builder_version=&#8221;4.14.7&#8243; _module_preset=&#8221;default&#8221; global_colors_info=&#8221;{}&#8221;][et_pb_image src=&#8221;https:\/\/youthful-zhukovsky.89-188-72-178.plesk.page.linux26.curanetserver.dk\/wp-content\/uploads\/2023\/02\/headoffice_logo_salmon.png&#8221; title_text=&#8221;headoffice_logo_salmon&#8221; url=&#8221;\/&#8221; _builder_version=&#8221;4.14.7&#8243; _module_preset=&#8221;default&#8221; max_width=&#8221;67%&#8221; max_width_tablet=&#8221;67%&#8221; max_width_phone=&#8221;67%&#8221; max_width_last_edited=&#8221;on|desktop&#8221; module_alignment=&#8221;center&#8221; custom_padding_tablet=&#8221;&#8221; custom_padding_phone=&#8221;||15px||false|false&#8221; custom_padding_last_edited=&#8221;on|desktop&#8221; locked=&#8221;off&#8221; global_colors_info=&#8221;{}&#8221;][\/et_pb_image][\/et_pb_column][\/et_pb_row][\/et_pb_section][et_pb_section fb_built=&#8221;1&#8243; disabled_on=&#8221;on|off|off&#8221; _builder_version=&#8221;4.14.7&#8243; _module_preset=&#8221;default&#8221; custom_padding=&#8221;||0px|||&#8221; global_colors_info=&#8221;{}&#8221;][et_pb_row column_structure=&#8221;1_3,1_3,1_3&#8243; use_custom_gutter=&#8221;on&#8221; gutter_width=&#8221;1&#8243; _builder_version=&#8221;4.14.7&#8243; _module_preset=&#8221;default&#8221; width=&#8221;100%&#8221; max_width=&#8221;2560px&#8221; custom_margin=&#8221;-62px|auto||auto||&#8221; custom_padding=&#8221;0px||0px|||&#8221; global_colors_info=&#8221;{}&#8221;][et_pb_column type=&#8221;1_3&#8243; _builder_version=&#8221;4.14.7&#8243; _module_preset=&#8221;default&#8221; global_colors_info=&#8221;{}&#8221;][et_pb_image src=&#8221;https:\/\/youthful-zhukovsky.89-188-72-178.plesk.page.linux26.curanetserver.dk\/wp-content\/uploads\/2023\/02\/330281426_1263475541182452_8739978258910627302_n.jpg&#8221; title_text=&#8221;330281426_1263475541182452_8739978258910627302_n&#8221; _builder_version=&#8221;4.14.7&#8243; _module_preset=&#8221;default&#8221; border_width_right=&#8221;3px&#8221; border_color_right=&#8221;#FFFFFF&#8221; border_width_left=&#8221;1px&#8221; border_color_left=&#8221;#FFFFFF&#8221; global_colors_info=&#8221;{}&#8221;][\/et_pb_image][\/et_pb_column][et_pb_column type=&#8221;1_3&#8243; _builder_version=&#8221;4.14.7&#8243; _module_preset=&#8221;default&#8221; global_colors_info=&#8221;{}&#8221;][et_pb_image src=&#8221;https:\/\/youthful-zhukovsky.89-188-72-178.plesk.page.linux26.curanetserver.dk\/wp-content\/uploads\/2023\/02\/330455173_895631535088793_2207013561576626750_n.jpg&#8221; title_text=&#8221;330455173_895631535088793_2207013561576626750_n&#8221; _builder_version=&#8221;4.14.7&#8243; _module_preset=&#8221;default&#8221; border_color_all=&#8221;#FFFFFF&#8221; border_width_right=&#8221;3px&#8221; global_colors_info=&#8221;{}&#8221;][\/et_pb_image][\/et_pb_column][et_pb_column type=&#8221;1_3&#8243; _builder_version=&#8221;4.14.7&#8243; _module_preset=&#8221;default&#8221; global_colors_info=&#8221;{}&#8221;][et_pb_image src=&#8221;https:\/\/youthful-zhukovsky.89-188-72-178.plesk.page.linux26.curanetserver.dk\/wp-content\/uploads\/2023\/02\/330343816_547947643977081_1822920202569694268_n-1.jpg&#8221; title_text=&#8221;330343816_547947643977081_1822920202569694268_n (1)&#8221; _builder_version=&#8221;4.14.7&#8243; _module_preset=&#8221;default&#8221; border_color_all=&#8221;#FFFFFF&#8221; border_width_right=&#8221;3px&#8221; border_color_right=&#8221;#FFFFFF&#8221; border_width_left=&#8221;1px&#8221; global_colors_info=&#8221;{}&#8221;][\/et_pb_image][\/et_pb_column][\/et_pb_row][\/et_pb_section][et_pb_section fb_built=&#8221;1&#8243; disabled_on=&#8221;off|on|on&#8221; _builder_version=&#8221;4.14.7&#8243; _module_preset=&#8221;default&#8221; custom_padding=&#8221;||0px|||&#8221; global_colors_info=&#8221;{}&#8221;][et_pb_row use_custom_gutter=&#8221;on&#8221; gutter_width=&#8221;1&#8243; _builder_version=&#8221;4.14.7&#8243; _module_preset=&#8221;default&#8221; width=&#8221;100%&#8221; max_width=&#8221;2560px&#8221; custom_margin=&#8221;-62px|auto||auto||&#8221; custom_padding=&#8221;0px||0px|||&#8221; global_colors_info=&#8221;{}&#8221;][et_pb_column type=&#8221;4_4&#8243; _builder_version=&#8221;4.14.7&#8243; _module_preset=&#8221;default&#8221; global_colors_info=&#8221;{}&#8221;][et_pb_slider _builder_version=&#8221;4.14.7&#8243; _module_preset=&#8221;default&#8221; min_height_tablet=&#8221;&#8221; min_height_phone=&#8221;500px&#8221; min_height_last_edited=&#8221;on|phone&#8221; global_colors_info=&#8221;{}&#8221;][et_pb_slide _builder_version=&#8221;4.14.7&#8243; _module_preset=&#8221;default&#8221; background_enable_color=&#8221;off&#8221; background_image=&#8221;https:\/\/youthful-zhukovsky.89-188-72-178.plesk.page.linux26.curanetserver.dk\/wp-content\/uploads\/2023\/02\/330455173_895631535088793_2207013561576626750_n.jpg&#8221; background_enable_image=&#8221;on&#8221; global_colors_info=&#8221;{}&#8221; sticky_transition=&#8221;on&#8221;][\/et_pb_slide][et_pb_slide _builder_version=&#8221;4.14.7&#8243; _module_preset=&#8221;default&#8221; background_enable_color=&#8221;off&#8221; background_image=&#8221;https:\/\/youthful-zhukovsky.89-188-72-178.plesk.page.linux26.curanetserver.dk\/wp-content\/uploads\/2023\/02\/330281426_1263475541182452_8739978258910627302_n.jpg&#8221; background_enable_image=&#8221;on&#8221; global_colors_info=&#8221;{}&#8221; sticky_transition=&#8221;on&#8221;][\/et_pb_slide][et_pb_slide _builder_version=&#8221;4.14.7&#8243; _module_preset=&#8221;default&#8221; background_enable_color=&#8221;off&#8221; background_image=&#8221;https:\/\/youthful-zhukovsky.89-188-72-178.plesk.page.linux26.curanetserver.dk\/wp-content\/uploads\/2023\/02\/330343816_547947643977081_1822920202569694268_n-1.jpg&#8221; background_enable_image=&#8221;on&#8221; global_colors_info=&#8221;{}&#8221; sticky_transition=&#8221;on&#8221;][\/et_pb_slide][\/et_pb_slider][\/et_pb_column][\/et_pb_row][\/et_pb_section][et_pb_section fb_built=&#8221;1&#8243; _builder_version=&#8221;4.14.7&#8243; _module_preset=&#8221;default&#8221; background_enable_color=&#8221;off&#8221; background_image=&#8221;https:\/\/youthful-zhukovsky.89-188-72-178.plesk.page.linux26.curanetserver.dk\/wp-content\/uploads\/2022\/11\/Untitled-1.jpg&#8221; background_position=&#8221;top_center&#8221; global_colors_info=&#8221;{}&#8221;][et_pb_row _builder_version=&#8221;4.14.7&#8243; _module_preset=&#8221;default&#8221; width=&#8221;85%&#8221; max_width=&#8221;1600px&#8221; custom_padding=&#8221;||0px|||&#8221; locked=&#8221;off&#8221; global_colors_info=&#8221;{}&#8221;][et_pb_column type=&#8221;4_4&#8243; _builder_version=&#8221;4.14.7&#8243; _module_preset=&#8221;default&#8221; global_colors_info=&#8221;{}&#8221;][et_pb_divider color=&#8221;gcid-71657897-033a-420f-84aa-d19498af07d2&#8243; _builder_version=&#8221;4.14.7&#8243; _module_preset=&#8221;default&#8221; width=&#8221;100%&#8221; module_alignment=&#8221;center&#8221; global_colors_info=&#8221;{%22gcid-71657897-033a-420f-84aa-d19498af07d2%22:%91%22color%22%93}&#8221;][\/et_pb_divider][\/et_pb_column][\/et_pb_row][et_pb_row column_structure=&#8221;1_3,1_3,1_3&#8243; disabled_on=&#8221;off|off|off&#8221; _builder_version=&#8221;4.14.7&#8243; _module_preset=&#8221;default&#8221; width=&#8221;85%&#8221; width_tablet=&#8221;40%&#8221; width_phone=&#8221;79%&#8221; width_last_edited=&#8221;on|desktop&#8221; max_width=&#8221;1600px&#8221; locked=&#8221;off&#8221; global_colors_info=&#8221;{}&#8221;][et_pb_column type=&#8221;1_3&#8243; _builder_version=&#8221;4.14.7&#8243; _module_preset=&#8221;default&#8221; global_colors_info=&#8221;{}&#8221;][et_pb_image src=&#8221;https:\/\/youthful-zhukovsky.89-188-72-178.plesk.page\/wp-content\/uploads\/2025\/11\/Lani_profil_nov_2025_ny.jpg&#8221; title_text=&#8221;Lani_profil_nov_2025_ny&#8221; _builder_version=&#8221;4.14.7&#8243; _module_preset=&#8221;default&#8221; global_colors_info=&#8221;{}&#8221;][\/et_pb_image][et_pb_text _builder_version=&#8221;4.14.7&#8243; _module_preset=&#8221;default&#8221; header_5_text_align=&#8221;center&#8221; header_5_text_color=&#8221;gcid-71657897-033a-420f-84aa-d19498af07d2&#8243; header_5_font_size=&#8221;14px&#8221; custom_margin=&#8221;||12px|||&#8221; global_colors_info=&#8221;{%22gcid-71657897-033a-420f-84aa-d19498af07d2%22:%91%22header_5_text_color%22%93}&#8221;]<h5>F\u00f8lg Lani p\u00e5 Instagram<\/h5>\n<h5 class=\"p1\"><a href=\"https:\/\/www.instagram.com\/salonheadoffice\/\" target=\"_blank\" rel=\"noopener\">@salonheadoffice<\/a><\/h5>[\/et_pb_text][et_pb_image src=&#8221;https:\/\/youthful-zhukovsky.89-188-72-178.plesk.page.linux26.curanetserver.dk\/wp-content\/uploads\/2023\/02\/instagram_logo_headoffice_salmon.png&#8221; title_text=&#8221;instagram_logo_headoffice_salmon&#8221; url=&#8221;https:\/\/www.instagram.com\/salonheadoffice\/&#8221; url_new_window=&#8221;on&#8221; align=&#8221;center&#8221; _builder_version=&#8221;4.14.7&#8243; _module_preset=&#8221;default&#8221; width=&#8221;13%&#8221; width_tablet=&#8221;13%&#8221; width_phone=&#8221;20%&#8221; width_last_edited=&#8221;on|desktop&#8221; global_colors_info=&#8221;{}&#8221;][\/et_pb_image][\/et_pb_column][et_pb_column type=&#8221;1_3&#8243; _builder_version=&#8221;4.14.7&#8243; _module_preset=&#8221;default&#8221; global_colors_info=&#8221;{}&#8221;][et_pb_image src=&#8221;https:\/\/youthful-zhukovsky.89-188-72-178.plesk.page.linux26.curanetserver.dk\/wp-content\/uploads\/2023\/05\/Sandra_v2.jpg&#8221; title_text=&#8221;Sandra_v2&#8243; _builder_version=&#8221;4.14.7&#8243; _module_preset=&#8221;default&#8221; border_width_all=&#8221;2px&#8221; border_color_all=&#8221;#FFFFFF&#8221; box_shadow_style=&#8221;preset2&#8243; global_colors_info=&#8221;{}&#8221;][\/et_pb_image][et_pb_text _builder_version=&#8221;4.14.7&#8243; _module_preset=&#8221;default&#8221; header_5_text_align=&#8221;center&#8221; header_5_text_color=&#8221;gcid-71657897-033a-420f-84aa-d19498af07d2&#8243; header_5_font_size=&#8221;14px&#8221; custom_margin=&#8221;||12px|||&#8221; global_colors_info=&#8221;{%22gcid-71657897-033a-420f-84aa-d19498af07d2%22:%91%22header_5_text_color%22%93}&#8221;]<h5>F\u00f8lg Sandra p\u00e5 Instagram<\/h5>\n<h5 class=\"p1\"><a href=\"https:\/\/www.instagram.com\/sandrachristinapedersen.hair\/\" target=\"_blank\" rel=\"noopener\">@sandrachristinapedersen.hair\n<\/a><\/h5>[\/et_pb_text][et_pb_image src=&#8221;https:\/\/youthful-zhukovsky.89-188-72-178.plesk.page.linux26.curanetserver.dk\/wp-content\/uploads\/2023\/02\/instagram_logo_headoffice_salmon.png&#8221; title_text=&#8221;instagram_logo_headoffice_salmon&#8221; url=&#8221;https:\/\/www.instagram.com\/sandrachristinapedersen.hair\/&#8221; url_new_window=&#8221;on&#8221; align=&#8221;center&#8221; _builder_version=&#8221;4.14.7&#8243; _module_preset=&#8221;default&#8221; width=&#8221;13%&#8221; width_tablet=&#8221;13%&#8221; width_phone=&#8221;20%&#8221; width_last_edited=&#8221;on|desktop&#8221; global_colors_info=&#8221;{}&#8221;][\/et_pb_image][\/et_pb_column][et_pb_column type=&#8221;1_3&#8243; _builder_version=&#8221;4.14.7&#8243; _module_preset=&#8221;default&#8221; global_colors_info=&#8221;{}&#8221;][et_pb_image src=&#8221;https:\/\/youthful-zhukovsky.89-188-72-178.plesk.page\/wp-content\/uploads\/2025\/11\/Lotte_profil_nov_2025_ny.jpg&#8221; title_text=&#8221;Lotte_profil_nov_2025_ny&#8221; _builder_version=&#8221;4.14.7&#8243; _module_preset=&#8221;default&#8221; global_colors_info=&#8221;{}&#8221;][\/et_pb_image][et_pb_text _builder_version=&#8221;4.14.7&#8243; _module_preset=&#8221;default&#8221; header_5_text_align=&#8221;center&#8221; header_5_text_color=&#8221;gcid-71657897-033a-420f-84aa-d19498af07d2&#8243; header_5_font_size=&#8221;14px&#8221; custom_margin=&#8221;||12px|||&#8221; locked=&#8221;off&#8221; global_colors_info=&#8221;{%22gcid-71657897-033a-420f-84aa-d19498af07d2%22:%91%22header_5_text_color%22%93}&#8221;]<h5>F\u00f8lg <span>Lotte Cecilie<\/span> p\u00e5 Instagram<\/h5>\n<h5 class=\"p1\"><a href=\"https:\/\/www.instagram.com\/_lottececilie\/\" target=\"_blank\" rel=\"noopener\">@_lottececilie\n<\/a><\/h5>[\/et_pb_text][et_pb_image src=&#8221;https:\/\/youthful-zhukovsky.89-188-72-178.plesk.page.linux26.curanetserver.dk\/wp-content\/uploads\/2023\/02\/instagram_logo_headoffice_salmon.png&#8221; title_text=&#8221;instagram_logo_headoffice_salmon&#8221; url=&#8221;https:\/\/www.instagram.com\/_lottececilie&#8221; url_new_window=&#8221;on&#8221; align=&#8221;center&#8221; _builder_version=&#8221;4.14.7&#8243; _module_preset=&#8221;default&#8221; width=&#8221;13%&#8221; width_tablet=&#8221;13%&#8221; width_phone=&#8221;20%&#8221; width_last_edited=&#8221;on|desktop&#8221; locked=&#8221;off&#8221; global_colors_info=&#8221;{}&#8221;][\/et_pb_image][\/et_pb_column][\/et_pb_row][\/et_pb_section][et_pb_section fb_built=&#8221;1&#8243; _builder_version=&#8221;4.14.7&#8243; _module_preset=&#8221;default&#8221; global_colors_info=&#8221;{}&#8221;][et_pb_row column_structure=&#8221;1_2,1_2&#8243; _builder_version=&#8221;4.14.7&#8243; _module_preset=&#8221;default&#8221; global_colors_info=&#8221;{}&#8221;][et_pb_column type=&#8221;1_2&#8243; _builder_version=&#8221;4.14.7&#8243; _module_preset=&#8221;default&#8221; global_colors_info=&#8221;{}&#8221;][\/et_pb_column][et_pb_column type=&#8221;1_2&#8243; _builder_version=&#8221;4.14.7&#8243; _module_preset=&#8221;default&#8221; global_colors_info=&#8221;{}&#8221;][\/et_pb_column][\/et_pb_row][\/et_pb_section]\n","protected":false},"excerpt":{"rendered":"<p>F\u00f8lg Lani p\u00e5 Instagram @salonheadofficeF\u00f8lg Sandra p\u00e5 Instagram @sandrachristinapedersen.hair F\u00f8lg Lotte Cecilie p\u00e5 Instagram @_lottececilie<\/p>\n","protected":false},"author":1,"featured_media":0,"parent":0,"menu_order":0,"comment_status":"closed","ping_status":"closed","template":"","meta":{"_et_pb_use_builder":"on","_et_pb_old_content":"","_et_gb_content_width":"","footnotes":""},"class_list":["post-78","page","type-page","status-publish","hentry"],"yoast_head":"<!-- This site is optimized with the Yoast SEO plugin v27.0 - https:\/\/yoast.com\/product\/yoast-seo-wordpress\/ -->\n<title>Forside - Headoffice<\/title>\n<meta name=\"robots\" content=\"index, follow, max-snippet:-1, max-image-preview:large, max-video-preview:-1\" \/>\n<link rel=\"canonical\" href=\"https:\/\/youthful-zhukovsky.89-188-72-178.plesk.page\/\" \/>\n<meta property=\"og:locale\" content=\"da_DK\" \/>\n<meta property=\"og:type\" content=\"article\" \/>\n<meta property=\"og:title\" content=\"Forside - Headoffice\" \/>\n<meta property=\"og:description\" content=\"F\u00f8lg Lani p\u00e5 Instagram @salonheadofficeF\u00f8lg Sandra p\u00e5 Instagram @sandrachristinapedersen.hair F\u00f8lg Lotte Cecilie p\u00e5 Instagram @_lottececilie\" \/>\n<meta property=\"og:url\" content=\"https:\/\/youthful-zhukovsky.89-188-72-178.plesk.page\/\" \/>\n<meta property=\"og:site_name\" content=\"Headoffice\" \/>\n<meta property=\"article:modified_time\" content=\"2026-02-17T12:05:12+00:00\" \/>\n<meta name=\"twitter:card\" content=\"summary_large_image\" \/>\n<meta name=\"twitter:label1\" content=\"Estimeret l\u00e6setid\" \/>\n\t<meta name=\"twitter:data1\" content=\"2 minutter\" \/>\n<script type=\"application\/ld+json\" class=\"yoast-schema-graph\">{\"@context\":\"https:\/\/schema.org\",\"@graph\":[{\"@type\":\"WebPage\",\"@id\":\"https:\/\/youthful-zhukovsky.89-188-72-178.plesk.page\/\",\"url\":\"https:\/\/youthful-zhukovsky.89-188-72-178.plesk.page\/\",\"name\":\"Forside - Headoffice\",\"isPartOf\":{\"@id\":\"https:\/\/youthful-zhukovsky.89-188-72-178.plesk.page\/#website\"},\"datePublished\":\"2022-01-27T07:42:27+00:00\",\"dateModified\":\"2026-02-17T12:05:12+00:00\",\"breadcrumb\":{\"@id\":\"https:\/\/youthful-zhukovsky.89-188-72-178.plesk.page\/#breadcrumb\"},\"inLanguage\":\"da-DK\",\"potentialAction\":[{\"@type\":\"ReadAction\",\"target\":[\"https:\/\/youthful-zhukovsky.89-188-72-178.plesk.page\/\"]}]},{\"@type\":\"BreadcrumbList\",\"@id\":\"https:\/\/youthful-zhukovsky.89-188-72-178.plesk.page\/#breadcrumb\",\"itemListElement\":[{\"@type\":\"ListItem\",\"position\":1,\"name\":\"Hjem\",\"item\":\"https:\/\/youthful-zhukovsky.89-188-72-178.plesk.page\/\"},{\"@type\":\"ListItem\",\"position\":2,\"name\":\"Forside\"}]},{\"@type\":\"WebSite\",\"@id\":\"https:\/\/youthful-zhukovsky.89-188-72-178.plesk.page\/#website\",\"url\":\"https:\/\/youthful-zhukovsky.89-188-72-178.plesk.page\/\",\"name\":\"Headoffice\",\"description\":\"Synergies\",\"potentialAction\":[{\"@type\":\"SearchAction\",\"target\":{\"@type\":\"EntryPoint\",\"urlTemplate\":\"https:\/\/youthful-zhukovsky.89-188-72-178.plesk.page\/?s={search_term_string}\"},\"query-input\":{\"@type\":\"PropertyValueSpecification\",\"valueRequired\":true,\"valueName\":\"search_term_string\"}}],\"inLanguage\":\"da-DK\"}]}<\/script>\n<!-- \/ Yoast SEO plugin. -->","yoast_head_json":{"title":"Forside - Headoffice","robots":{"index":"index","follow":"follow","max-snippet":"max-snippet:-1","max-image-preview":"max-image-preview:large","max-video-preview":"max-video-preview:-1"},"canonical":"https:\/\/youthful-zhukovsky.89-188-72-178.plesk.page\/","og_locale":"da_DK","og_type":"article","og_title":"Forside - Headoffice","og_description":"F\u00f8lg Lani p\u00e5 Instagram @salonheadofficeF\u00f8lg Sandra p\u00e5 Instagram @sandrachristinapedersen.hair F\u00f8lg Lotte Cecilie p\u00e5 Instagram @_lottececilie","og_url":"https:\/\/youthful-zhukovsky.89-188-72-178.plesk.page\/","og_site_name":"Headoffice","article_modified_time":"2026-02-17T12:05:12+00:00","twitter_card":"summary_large_image","twitter_misc":{"Estimeret l\u00e6setid":"2 minutter"},"schema":{"@context":"https:\/\/schema.org","@graph":[{"@type":"WebPage","@id":"https:\/\/youthful-zhukovsky.89-188-72-178.plesk.page\/","url":"https:\/\/youthful-zhukovsky.89-188-72-178.plesk.page\/","name":"Forside - Headoffice","isPartOf":{"@id":"https:\/\/youthful-zhukovsky.89-188-72-178.plesk.page\/#website"},"datePublished":"2022-01-27T07:42:27+00:00","dateModified":"2026-02-17T12:05:12+00:00","breadcrumb":{"@id":"https:\/\/youthful-zhukovsky.89-188-72-178.plesk.page\/#breadcrumb"},"inLanguage":"da-DK","potentialAction":[{"@type":"ReadAction","target":["https:\/\/youthful-zhukovsky.89-188-72-178.plesk.page\/"]}]},{"@type":"BreadcrumbList","@id":"https:\/\/youthful-zhukovsky.89-188-72-178.plesk.page\/#breadcrumb","itemListElement":[{"@type":"ListItem","position":1,"name":"Hjem","item":"https:\/\/youthful-zhukovsky.89-188-72-178.plesk.page\/"},{"@type":"ListItem","position":2,"name":"Forside"}]},{"@type":"WebSite","@id":"https:\/\/youthful-zhukovsky.89-188-72-178.plesk.page\/#website","url":"https:\/\/youthful-zhukovsky.89-188-72-178.plesk.page\/","name":"Headoffice","description":"Synergies","potentialAction":[{"@type":"SearchAction","target":{"@type":"EntryPoint","urlTemplate":"https:\/\/youthful-zhukovsky.89-188-72-178.plesk.page\/?s={search_term_string}"},"query-input":{"@type":"PropertyValueSpecification","valueRequired":true,"valueName":"search_term_string"}}],"inLanguage":"da-DK"}]}},"_links":{"self":[{"href":"https:\/\/youthful-zhukovsky.89-188-72-178.plesk.page\/index.php?rest_route=\/wp\/v2\/pages\/78","targetHints":{"allow":["GET"]}}],"collection":[{"href":"https:\/\/youthful-zhukovsky.89-188-72-178.plesk.page\/index.php?rest_route=\/wp\/v2\/pages"}],"about":[{"href":"https:\/\/youthful-zhukovsky.89-188-72-178.plesk.page\/index.php?rest_route=\/wp\/v2\/types\/page"}],"author":[{"embeddable":true,"href":"https:\/\/youthful-zhukovsky.89-188-72-178.plesk.page\/index.php?rest_route=\/wp\/v2\/users\/1"}],"replies":[{"embeddable":true,"href":"https:\/\/youthful-zhukovsky.89-188-72-178.plesk.page\/index.php?rest_route=%2Fwp%2Fv2%2Fcomments&post=78"}],"version-history":[{"count":51,"href":"https:\/\/youthful-zhukovsky.89-188-72-178.plesk.page\/index.php?rest_route=\/wp\/v2\/pages\/78\/revisions"}],"predecessor-version":[{"id":307,"href":"https:\/\/youthful-zhukovsky.89-188-72-178.plesk.page\/index.php?rest_route=\/wp\/v2\/pages\/78\/revisions\/307"}],"wp:attachment":[{"href":"https:\/\/youthful-zhukovsky.89-188-72-178.plesk.page\/index.php?rest_route=%2Fwp%2Fv2%2Fmedia&parent=78"}],"curies":[{"name":"wp","href":"https:\/\/api.w.org\/{rel}","templated":true}]}}