{"id":15,"date":"2021-12-12T23:16:55","date_gmt":"2021-12-12T22:16:55","guid":{"rendered":"https:\/\/youthful-zhukovsky.89-188-72-178.plesk.page.linux26.curanetserver.dk\/?page_id=15"},"modified":"2025-11-17T08:47:28","modified_gmt":"2025-11-17T07:47:28","slug":"om-os","status":"publish","type":"page","link":"https:\/\/youthful-zhukovsky.89-188-72-178.plesk.page\/?page_id=15","title":{"rendered":"Om os"},"content":{"rendered":"<p>[et_pb_section fb_built=&#8221;1&#8243; _builder_version=&#8221;4.14.7&#8243; _module_preset=&#8221;default&#8221; background_enable_color=&#8221;off&#8221; background_image=&#8221;https:\/\/youthful-zhukovsky.89-188-72-178.plesk.page.linux26.curanetserver.dk\/wp-content\/uploads\/2022\/11\/Untitled-1.jpg&#8221; global_colors_info=&#8221;{}&#8221;][et_pb_row column_structure=&#8221;3_5,2_5&#8243; _builder_version=&#8221;4.14.7&#8243; _module_preset=&#8221;default&#8221; width=&#8221;85%&#8221; max_width=&#8221;1600px&#8221; global_colors_info=&#8221;{}&#8221;][et_pb_column type=&#8221;3_5&#8243; _builder_version=&#8221;4.14.2&#8243; _module_preset=&#8221;default&#8221; global_colors_info=&#8221;{}&#8221;][et_pb_text content_tablet=&#8221;<\/p>\n<h1>better<\/h1>\n<h1>together<\/h1>\n<p>&#8221; content_phone=&#8221;<\/p>\n<h1>better<\/h1>\n<h1>together<\/h1>\n<p>&#8221; content_last_edited=&#8221;on|phone&#8221; _builder_version=&#8221;4.14.7&#8243; _module_preset=&#8221;default&#8221; header_text_align=&#8221;center&#8221; header_text_color=&#8221;gcid-71657897-033a-420f-84aa-d19498af07d2&#8243; header_font_size=&#8221;80px&#8221; header_line_height=&#8221;0.9em&#8221; header_font_size_tablet=&#8221;80px&#8221; header_font_size_phone=&#8221;42px&#8221; header_font_size_last_edited=&#8221;on|phone&#8221; global_colors_info=&#8221;{%22gcid-71657897-033a-420f-84aa-d19498af07d2%22:%91%22header_text_color%22%93}&#8221;]<\/p>\n<h1>better<\/h1>\n<h1>together<\/h1>\n<p>[\/et_pb_text][et_pb_text _builder_version=&#8221;4.14.7&#8243; _module_preset=&#8221;default&#8221; text_text_color=&#8221;#FFED00&#8243; header_5_text_color=&#8221;gcid-71657897-033a-420f-84aa-d19498af07d2&#8243; header_5_font_size=&#8221;14px&#8221; header_5_line_height=&#8221;1.6em&#8221; custom_margin=&#8221;28px||80px||false|false&#8221; custom_margin_tablet=&#8221;28px||80px||false|false&#8221; custom_margin_phone=&#8221;35px||35px||true|false&#8221; custom_margin_last_edited=&#8221;on|desktop&#8221; custom_padding=&#8221;|10%||10%|false|false&#8221; custom_padding_tablet=&#8221;|10%||10%|false|false&#8221; custom_padding_phone=&#8221;|0%||0%|false|false&#8221; custom_padding_last_edited=&#8221;on|phone&#8221; global_colors_info=&#8221;{%22gcid-71657897-033a-420f-84aa-d19498af07d2%22:%91%22header_5_text_color%22%93}&#8221;]<\/p>\n<h5 class=\"p1\">Med passion, steady hands og et knivskarpt \u00f8je for trends og tendenser byder vi dig velkommen til Headoffice. Hos os er hverdagen farverig og stemningen uformel.<span class=\"Apple-converted-space\">\u00a0<\/span><\/h5>\n<p><span class=\"Apple-converted-space\"><\/span><\/p>\n<p><span class=\"Apple-converted-space\"><\/span><\/p>\n<h5 class=\"p1\">Headoffice huser et team af selvst\u00e6ndige, professionelle fris\u00f8rer, hvor b\u00e5de nye \u00f8jne, friske kr\u00e6fter og erfarne h\u00e6nder er klar til at give dig den ypperste behandling.<span class=\"Apple-converted-space\">\u00a0<\/span><\/h5>\n<p><span class=\"Apple-converted-space\"><\/span><\/p>\n<p><span class=\"Apple-converted-space\"><\/span><\/p>\n<h5 class=\"p1\">For dig l\u00e6gger vi hovedet p\u00e5 skr\u00e5 og er altid klar til at give dig heads-up p\u00e5 nye tiltag, give dig inspiration til din n\u00e6ste frisure eller vejlede dig i valg af plejeprodukter. Her er du i gode h\u00e6nder \u2013 det er hovedsagen.<\/h5>\n<p>[\/et_pb_text][et_pb_image src=&#8221;https:\/\/youthful-zhukovsky.89-188-72-178.plesk.page.linux26.curanetserver.dk\/wp-content\/uploads\/2023\/02\/headoffice_logo_salmon.png&#8221; title_text=&#8221;headoffice_logo_salmon&#8221; url=&#8221;\/&#8221; _builder_version=&#8221;4.14.7&#8243; _module_preset=&#8221;default&#8221; max_width=&#8221;67%&#8221; max_width_tablet=&#8221;67%&#8221; max_width_phone=&#8221;67%&#8221; max_width_last_edited=&#8221;on|desktop&#8221; module_alignment=&#8221;center&#8221; global_colors_info=&#8221;{}&#8221;][\/et_pb_image][\/et_pb_column][et_pb_column type=&#8221;2_5&#8243; _builder_version=&#8221;4.14.2&#8243; _module_preset=&#8221;default&#8221; global_colors_info=&#8221;{}&#8221;][et_pb_video src=&#8221;https:\/\/youthful-zhukovsky.89-188-72-178.plesk.page\/wp-content\/uploads\/2025\/11\/4A9B8BB7-C7B8-4A82-8494-54A5BECF175A.mp4&#8243; play_icon_color=&#8221;#ddb1a4&#8243; font_icon=&#8221;&#x49;||divi||400&#8243; use_icon_font_size=&#8221;on&#8221; icon_font_size=&#8221;12px&#8221; _builder_version=&#8221;4.14.7&#8243; _module_preset=&#8221;default&#8221; border_width_all=&#8221;2px&#8221; border_color_all=&#8221;#FFFFFF&#8221; global_colors_info=&#8221;{}&#8221;][\/et_pb_video][\/et_pb_column][\/et_pb_row][et_pb_row _builder_version=&#8221;4.14.7&#8243; _module_preset=&#8221;default&#8221; width=&#8221;85%&#8221; max_width=&#8221;1600px&#8221; custom_padding=&#8221;||0px|||&#8221; global_colors_info=&#8221;{}&#8221;][et_pb_column type=&#8221;4_4&#8243; _builder_version=&#8221;4.14.7&#8243; _module_preset=&#8221;default&#8221; global_colors_info=&#8221;{}&#8221;][et_pb_divider color=&#8221;gcid-71657897-033a-420f-84aa-d19498af07d2&#8243; _builder_version=&#8221;4.14.7&#8243; _module_preset=&#8221;default&#8221; width=&#8221;100%&#8221; module_alignment=&#8221;center&#8221; global_colors_info=&#8221;{%22gcid-71657897-033a-420f-84aa-d19498af07d2%22:%91%22color%22%93}&#8221;][\/et_pb_divider][\/et_pb_column][\/et_pb_row][et_pb_row column_structure=&#8221;1_3,1_3,1_3&#8243; disabled_on=&#8221;off|off|off&#8221; _builder_version=&#8221;4.14.7&#8243; _module_preset=&#8221;default&#8221; width=&#8221;85%&#8221; width_tablet=&#8221;40%&#8221; width_phone=&#8221;79%&#8221; width_last_edited=&#8221;on|desktop&#8221; max_width=&#8221;1600px&#8221; locked=&#8221;off&#8221; global_colors_info=&#8221;{}&#8221;][et_pb_column type=&#8221;1_3&#8243; _builder_version=&#8221;4.14.7&#8243; _module_preset=&#8221;default&#8221; global_colors_info=&#8221;{}&#8221;][et_pb_image src=&#8221;https:\/\/youthful-zhukovsky.89-188-72-178.plesk.page\/wp-content\/uploads\/2025\/11\/Lani_profil_nov_2025_ny.jpg&#8221; title_text=&#8221;Lani_profil_nov_2025_ny&#8221; _builder_version=&#8221;4.14.7&#8243; _module_preset=&#8221;default&#8221; hover_enabled=&#8221;0&#8243; border_width_all=&#8221;2px&#8221; border_color_all=&#8221;#FFFFFF&#8221; box_shadow_style=&#8221;preset2&#8243; global_colors_info=&#8221;{}&#8221; sticky_enabled=&#8221;0&#8243;][\/et_pb_image][et_pb_text _builder_version=&#8221;4.14.7&#8243; _module_preset=&#8221;default&#8221; header_5_text_align=&#8221;center&#8221; header_5_text_color=&#8221;gcid-71657897-033a-420f-84aa-d19498af07d2&#8243; header_5_font_size=&#8221;14px&#8221; custom_margin=&#8221;||12px|||&#8221; global_colors_info=&#8221;{%22gcid-71657897-033a-420f-84aa-d19498af07d2%22:%91%22header_5_text_color%22%93}&#8221;]<\/p>\n<h5>F\u00f8lg Lani p\u00e5 Instagram<\/h5>\n<h5 class=\"p1\"><a href=\"https:\/\/www.instagram.com\/salonheadoffice\/\" target=\"_blank\" rel=\"noopener\">@salonheadoffice<\/a><\/h5>\n<p>[\/et_pb_text][et_pb_image src=&#8221;https:\/\/youthful-zhukovsky.89-188-72-178.plesk.page.linux26.curanetserver.dk\/wp-content\/uploads\/2023\/02\/instagram_logo_headoffice_salmon.png&#8221; title_text=&#8221;instagram_logo_headoffice_salmon&#8221; url=&#8221;https:\/\/www.instagram.com\/salonheadoffice\/&#8221; url_new_window=&#8221;on&#8221; align=&#8221;center&#8221; _builder_version=&#8221;4.14.7&#8243; _module_preset=&#8221;default&#8221; width=&#8221;13%&#8221; width_tablet=&#8221;13%&#8221; width_phone=&#8221;20%&#8221; width_last_edited=&#8221;on|desktop&#8221; global_colors_info=&#8221;{}&#8221;][\/et_pb_image][\/et_pb_column][et_pb_column type=&#8221;1_3&#8243; _builder_version=&#8221;4.14.7&#8243; _module_preset=&#8221;default&#8221; global_colors_info=&#8221;{}&#8221;][et_pb_image src=&#8221;https:\/\/youthful-zhukovsky.89-188-72-178.plesk.page.linux26.curanetserver.dk\/wp-content\/uploads\/2023\/05\/Sandra_v2.jpg&#8221; title_text=&#8221;Sandra_v2&#8243; _builder_version=&#8221;4.14.7&#8243; _module_preset=&#8221;default&#8221; border_width_all=&#8221;2px&#8221; border_color_all=&#8221;#FFFFFF&#8221; box_shadow_style=&#8221;preset2&#8243; global_colors_info=&#8221;{}&#8221;][\/et_pb_image][et_pb_text _builder_version=&#8221;4.14.7&#8243; _module_preset=&#8221;default&#8221; header_5_text_align=&#8221;center&#8221; header_5_text_color=&#8221;gcid-71657897-033a-420f-84aa-d19498af07d2&#8243; header_5_font_size=&#8221;14px&#8221; custom_margin=&#8221;||12px|||&#8221; global_colors_info=&#8221;{%22gcid-71657897-033a-420f-84aa-d19498af07d2%22:%91%22header_5_text_color%22%93}&#8221;]<\/p>\n<h5>F\u00f8lg Sandra p\u00e5 Instagram<\/h5>\n<h5 class=\"p1\"><a href=\"https:\/\/www.instagram.com\/sandrachristinapedersen.hair\/\" target=\"_blank\" rel=\"noopener\">@sandrachristinapedersen.hair<br \/>\n<\/a><\/h5>\n<p>[\/et_pb_text][et_pb_image src=&#8221;https:\/\/youthful-zhukovsky.89-188-72-178.plesk.page.linux26.curanetserver.dk\/wp-content\/uploads\/2023\/02\/instagram_logo_headoffice_salmon.png&#8221; title_text=&#8221;instagram_logo_headoffice_salmon&#8221; url=&#8221;https:\/\/www.instagram.com\/sandrachristinapedersen.hair\/&#8221; url_new_window=&#8221;on&#8221; align=&#8221;center&#8221; _builder_version=&#8221;4.14.7&#8243; _module_preset=&#8221;default&#8221; width=&#8221;13%&#8221; width_tablet=&#8221;13%&#8221; width_phone=&#8221;20%&#8221; width_last_edited=&#8221;on|desktop&#8221; global_colors_info=&#8221;{}&#8221;][\/et_pb_image][\/et_pb_column][et_pb_column type=&#8221;1_3&#8243; _builder_version=&#8221;4.14.7&#8243; _module_preset=&#8221;default&#8221; global_colors_info=&#8221;{}&#8221;][et_pb_image src=&#8221;https:\/\/youthful-zhukovsky.89-188-72-178.plesk.page\/wp-content\/uploads\/2025\/11\/Lotte_profil_nov_2025_ny.jpg&#8221; title_text=&#8221;Lotte_profil_nov_2025_ny&#8221; _builder_version=&#8221;4.14.7&#8243; _module_preset=&#8221;default&#8221; hover_enabled=&#8221;0&#8243; border_width_all=&#8221;2px&#8221; border_color_all=&#8221;#FFFFFF&#8221; box_shadow_style=&#8221;preset2&#8243; global_colors_info=&#8221;{}&#8221; sticky_enabled=&#8221;0&#8243;][\/et_pb_image][et_pb_text _builder_version=&#8221;4.14.7&#8243; _module_preset=&#8221;default&#8221; header_5_text_align=&#8221;center&#8221; header_5_text_color=&#8221;gcid-71657897-033a-420f-84aa-d19498af07d2&#8243; header_5_font_size=&#8221;14px&#8221; custom_margin=&#8221;||12px|||&#8221; locked=&#8221;off&#8221; global_colors_info=&#8221;{%22gcid-71657897-033a-420f-84aa-d19498af07d2%22:%91%22header_5_text_color%22%93}&#8221;]<\/p>\n<h5>F\u00f8lg <span>Lotte Cecilie<\/span> p\u00e5 Instagram<\/h5>\n<h5 class=\"p1\"><a href=\"https:\/\/www.instagram.com\/_lottececilie\/\" target=\"_blank\" rel=\"noopener\">@_lottececilie<br \/>\n<\/a><\/h5>\n<p>[\/et_pb_text][et_pb_image src=&#8221;https:\/\/youthful-zhukovsky.89-188-72-178.plesk.page.linux26.curanetserver.dk\/wp-content\/uploads\/2023\/02\/instagram_logo_headoffice_salmon.png&#8221; title_text=&#8221;instagram_logo_headoffice_salmon&#8221; url=&#8221;https:\/\/www.instagram.com\/_lottececilie&#8221; url_new_window=&#8221;on&#8221; align=&#8221;center&#8221; _builder_version=&#8221;4.14.7&#8243; _module_preset=&#8221;default&#8221; width=&#8221;13%&#8221; width_tablet=&#8221;13%&#8221; width_phone=&#8221;20%&#8221; width_last_edited=&#8221;on|desktop&#8221; locked=&#8221;off&#8221; global_colors_info=&#8221;{}&#8221;][\/et_pb_image][\/et_pb_column][\/et_pb_row][et_pb_row column_structure=&#8221;1_3,1_3,1_3&#8243; _builder_version=&#8221;4.14.7&#8243; _module_preset=&#8221;default&#8221; width=&#8221;100%&#8221; width_tablet=&#8221;40%&#8221; width_phone=&#8221;79%&#8221; width_last_edited=&#8221;on|desktop&#8221; max_width=&#8221;1600px&#8221; locked=&#8221;off&#8221; global_colors_info=&#8221;{}&#8221;][et_pb_column type=&#8221;1_3&#8243; _builder_version=&#8221;4.14.7&#8243; _module_preset=&#8221;default&#8221; global_colors_info=&#8221;{}&#8221;][et_pb_text _builder_version=&#8221;4.14.7&#8243; _module_preset=&#8221;default&#8221; header_5_text_align=&#8221;center&#8221; header_5_text_color=&#8221;gcid-71657897-033a-420f-84aa-d19498af07d2&#8243; header_5_font_size=&#8221;14px&#8221; custom_margin=&#8221;||12px|||&#8221; global_colors_info=&#8221;{%22gcid-71657897-033a-420f-84aa-d19498af07d2%22:%91%22header_5_text_color%22%93}&#8221;]<\/p>\n<h5>F\u00f8lg Lani p\u00e5 Instagram<\/h5>\n<h5 class=\"p1\"><a href=\"https:\/\/www.instagram.com\/salonheadoffice\/\" target=\"_blank\" rel=\"noopener\">@salonheadoffice<\/a><\/h5>\n<p>[\/et_pb_text][et_pb_image src=&#8221;https:\/\/youthful-zhukovsky.89-188-72-178.plesk.page.linux26.curanetserver.dk\/wp-content\/uploads\/2023\/02\/instagram_logo_headoffice_salmon.png&#8221; title_text=&#8221;instagram_logo_headoffice_salmon&#8221; url=&#8221;https:\/\/www.instagram.com\/salonheadoffice\/&#8221; url_new_window=&#8221;on&#8221; align=&#8221;center&#8221; _builder_version=&#8221;4.14.7&#8243; _module_preset=&#8221;default&#8221; width=&#8221;13%&#8221; width_tablet=&#8221;13%&#8221; width_phone=&#8221;20%&#8221; width_last_edited=&#8221;on|desktop&#8221; global_colors_info=&#8221;{}&#8221;][\/et_pb_image][\/et_pb_column][et_pb_column type=&#8221;1_3&#8243; _builder_version=&#8221;4.14.7&#8243; _module_preset=&#8221;default&#8221; global_colors_info=&#8221;{}&#8221;][et_pb_text _builder_version=&#8221;4.14.7&#8243; _module_preset=&#8221;default&#8221; header_5_text_align=&#8221;center&#8221; header_5_text_color=&#8221;gcid-71657897-033a-420f-84aa-d19498af07d2&#8243; header_5_font_size=&#8221;14px&#8221; custom_margin=&#8221;||12px|||&#8221; global_colors_info=&#8221;{%22gcid-71657897-033a-420f-84aa-d19498af07d2%22:%91%22header_5_text_color%22%93}&#8221;]<\/p>\n<h5>F\u00f8lg Sandra p\u00e5 Instagram<\/h5>\n<h5 class=\"p1\"><a href=\"https:\/\/www.instagram.com\/sandrachristinapedersen.hair\/\" target=\"_blank\" rel=\"noopener\">@sandrachristinapedersen.hair<br \/><\/a><\/h5>\n<p>[\/et_pb_text][et_pb_image src=&#8221;https:\/\/youthful-zhukovsky.89-188-72-178.plesk.page.linux26.curanetserver.dk\/wp-content\/uploads\/2023\/02\/instagram_logo_headoffice_salmon.png&#8221; title_text=&#8221;instagram_logo_headoffice_salmon&#8221; url=&#8221;https:\/\/www.instagram.com\/sandrachristinapedersen.hair\/&#8221; url_new_window=&#8221;on&#8221; align=&#8221;center&#8221; _builder_version=&#8221;4.14.7&#8243; _module_preset=&#8221;default&#8221; width=&#8221;13%&#8221; width_tablet=&#8221;13%&#8221; width_phone=&#8221;20%&#8221; width_last_edited=&#8221;on|desktop&#8221; global_colors_info=&#8221;{}&#8221;][\/et_pb_image][\/et_pb_column][et_pb_column type=&#8221;1_3&#8243; _builder_version=&#8221;4.14.7&#8243; _module_preset=&#8221;default&#8221; global_colors_info=&#8221;{}&#8221;][et_pb_text _builder_version=&#8221;4.14.7&#8243; _module_preset=&#8221;default&#8221; header_5_text_align=&#8221;center&#8221; header_5_text_color=&#8221;gcid-71657897-033a-420f-84aa-d19498af07d2&#8243; header_5_font_size=&#8221;14px&#8221; custom_margin=&#8221;||12px|||&#8221; locked=&#8221;off&#8221; global_colors_info=&#8221;{%22gcid-71657897-033a-420f-84aa-d19498af07d2%22:%91%22header_5_text_color%22%93}&#8221;]<\/p>\n<h5>F\u00f8lg <span>Lotte Cecilie<\/span> p\u00e5 Instagram<\/h5>\n<h5 class=\"p1\"><a href=\"https:\/\/www.instagram.com\/_lottececilie\/\" target=\"_blank\" rel=\"noopener\">@_lottececilie<br \/>\n<\/a><\/h5>\n<p>[\/et_pb_text][et_pb_image src=&#8221;https:\/\/youthful-zhukovsky.89-188-72-178.plesk.page.linux26.curanetserver.dk\/wp-content\/uploads\/2023\/02\/instagram_logo_headoffice_salmon.png&#8221; title_text=&#8221;instagram_logo_headoffice_salmon&#8221; url=&#8221;https:\/\/www.instagram.com\/_lottececilie&#8221; url_new_window=&#8221;on&#8221; align=&#8221;center&#8221; _builder_version=&#8221;4.14.7&#8243; _module_preset=&#8221;default&#8221; width=&#8221;13%&#8221; width_tablet=&#8221;13%&#8221; width_phone=&#8221;20%&#8221; width_last_edited=&#8221;on|desktop&#8221; locked=&#8221;off&#8221; global_colors_info=&#8221;{}&#8221;][\/et_pb_image][\/et_pb_column][\/et_pb_row][\/et_pb_section]<\/p>\n","protected":false},"excerpt":{"rendered":"<p>better togetherMed passion, steady hands og et knivskarpt \u00f8je for trends og tendenser byder vi dig velkommen til Headoffice. Hos os er hverdagen farverig og stemningen uformel.\u00a0 Headoffice huser et team af selvst\u00e6ndige, professionelle fris\u00f8rer, hvor b\u00e5de nye \u00f8jne, friske kr\u00e6fter og erfarne h\u00e6nder er klar til at give dig den ypperste behandling.\u00a0 For dig [&hellip;]<\/p>\n","protected":false},"author":1,"featured_media":0,"parent":0,"menu_order":0,"comment_status":"closed","ping_status":"closed","template":"","meta":{"_et_pb_use_builder":"on","_et_pb_old_content":"","_et_gb_content_width":"","footnotes":""},"class_list":["post-15","page","type-page","status-publish","hentry"],"yoast_head":"<!-- This site is optimized with the Yoast SEO plugin v27.0 - https:\/\/yoast.com\/product\/yoast-seo-wordpress\/ -->\n<title>Om os - Headoffice<\/title>\n<meta name=\"robots\" content=\"index, follow, max-snippet:-1, max-image-preview:large, max-video-preview:-1\" \/>\n<link rel=\"canonical\" href=\"https:\/\/youthful-zhukovsky.89-188-72-178.plesk.page\/?page_id=15\" \/>\n<meta property=\"og:locale\" content=\"da_DK\" \/>\n<meta property=\"og:type\" content=\"article\" \/>\n<meta property=\"og:title\" content=\"Om os - Headoffice\" \/>\n<meta property=\"og:description\" content=\"better togetherMed passion, steady hands og et knivskarpt \u00f8je for trends og tendenser byder vi dig velkommen til Headoffice. Hos os er hverdagen farverig og stemningen uformel.\u00a0 Headoffice huser et team af selvst\u00e6ndige, professionelle fris\u00f8rer, hvor b\u00e5de nye \u00f8jne, friske kr\u00e6fter og erfarne h\u00e6nder er klar til at give dig den ypperste behandling.\u00a0 For dig [&hellip;]\" \/>\n<meta property=\"og:url\" content=\"https:\/\/youthful-zhukovsky.89-188-72-178.plesk.page\/?page_id=15\" \/>\n<meta property=\"og:site_name\" content=\"Headoffice\" \/>\n<meta property=\"article:modified_time\" content=\"2025-11-17T07:47:28+00:00\" \/>\n<meta name=\"twitter:card\" content=\"summary_large_image\" \/>\n<meta name=\"twitter:label1\" content=\"Estimeret l\u00e6setid\" \/>\n\t<meta name=\"twitter:data1\" content=\"8 minutter\" \/>\n<script type=\"application\/ld+json\" class=\"yoast-schema-graph\">{\"@context\":\"https:\/\/schema.org\",\"@graph\":[{\"@type\":\"WebPage\",\"@id\":\"https:\/\/youthful-zhukovsky.89-188-72-178.plesk.page\/?page_id=15\",\"url\":\"https:\/\/youthful-zhukovsky.89-188-72-178.plesk.page\/?page_id=15\",\"name\":\"Om os - Headoffice\",\"isPartOf\":{\"@id\":\"https:\/\/youthful-zhukovsky.89-188-72-178.plesk.page\/#website\"},\"datePublished\":\"2021-12-12T22:16:55+00:00\",\"dateModified\":\"2025-11-17T07:47:28+00:00\",\"breadcrumb\":{\"@id\":\"https:\/\/youthful-zhukovsky.89-188-72-178.plesk.page\/?page_id=15#breadcrumb\"},\"inLanguage\":\"da-DK\",\"potentialAction\":[{\"@type\":\"ReadAction\",\"target\":[\"https:\/\/youthful-zhukovsky.89-188-72-178.plesk.page\/?page_id=15\"]}]},{\"@type\":\"BreadcrumbList\",\"@id\":\"https:\/\/youthful-zhukovsky.89-188-72-178.plesk.page\/?page_id=15#breadcrumb\",\"itemListElement\":[{\"@type\":\"ListItem\",\"position\":1,\"name\":\"Hjem\",\"item\":\"https:\/\/youthful-zhukovsky.89-188-72-178.plesk.page\/\"},{\"@type\":\"ListItem\",\"position\":2,\"name\":\"Om os\"}]},{\"@type\":\"WebSite\",\"@id\":\"https:\/\/youthful-zhukovsky.89-188-72-178.plesk.page\/#website\",\"url\":\"https:\/\/youthful-zhukovsky.89-188-72-178.plesk.page\/\",\"name\":\"Headoffice\",\"description\":\"Synergies\",\"potentialAction\":[{\"@type\":\"SearchAction\",\"target\":{\"@type\":\"EntryPoint\",\"urlTemplate\":\"https:\/\/youthful-zhukovsky.89-188-72-178.plesk.page\/?s={search_term_string}\"},\"query-input\":{\"@type\":\"PropertyValueSpecification\",\"valueRequired\":true,\"valueName\":\"search_term_string\"}}],\"inLanguage\":\"da-DK\"}]}<\/script>\n<!-- \/ Yoast SEO plugin. -->","yoast_head_json":{"title":"Om os - Headoffice","robots":{"index":"index","follow":"follow","max-snippet":"max-snippet:-1","max-image-preview":"max-image-preview:large","max-video-preview":"max-video-preview:-1"},"canonical":"https:\/\/youthful-zhukovsky.89-188-72-178.plesk.page\/?page_id=15","og_locale":"da_DK","og_type":"article","og_title":"Om os - Headoffice","og_description":"better togetherMed passion, steady hands og et knivskarpt \u00f8je for trends og tendenser byder vi dig velkommen til Headoffice. Hos os er hverdagen farverig og stemningen uformel.\u00a0 Headoffice huser et team af selvst\u00e6ndige, professionelle fris\u00f8rer, hvor b\u00e5de nye \u00f8jne, friske kr\u00e6fter og erfarne h\u00e6nder er klar til at give dig den ypperste behandling.\u00a0 For dig [&hellip;]","og_url":"https:\/\/youthful-zhukovsky.89-188-72-178.plesk.page\/?page_id=15","og_site_name":"Headoffice","article_modified_time":"2025-11-17T07:47:28+00:00","twitter_card":"summary_large_image","twitter_misc":{"Estimeret l\u00e6setid":"8 minutter"},"schema":{"@context":"https:\/\/schema.org","@graph":[{"@type":"WebPage","@id":"https:\/\/youthful-zhukovsky.89-188-72-178.plesk.page\/?page_id=15","url":"https:\/\/youthful-zhukovsky.89-188-72-178.plesk.page\/?page_id=15","name":"Om os - Headoffice","isPartOf":{"@id":"https:\/\/youthful-zhukovsky.89-188-72-178.plesk.page\/#website"},"datePublished":"2021-12-12T22:16:55+00:00","dateModified":"2025-11-17T07:47:28+00:00","breadcrumb":{"@id":"https:\/\/youthful-zhukovsky.89-188-72-178.plesk.page\/?page_id=15#breadcrumb"},"inLanguage":"da-DK","potentialAction":[{"@type":"ReadAction","target":["https:\/\/youthful-zhukovsky.89-188-72-178.plesk.page\/?page_id=15"]}]},{"@type":"BreadcrumbList","@id":"https:\/\/youthful-zhukovsky.89-188-72-178.plesk.page\/?page_id=15#breadcrumb","itemListElement":[{"@type":"ListItem","position":1,"name":"Hjem","item":"https:\/\/youthful-zhukovsky.89-188-72-178.plesk.page\/"},{"@type":"ListItem","position":2,"name":"Om os"}]},{"@type":"WebSite","@id":"https:\/\/youthful-zhukovsky.89-188-72-178.plesk.page\/#website","url":"https:\/\/youthful-zhukovsky.89-188-72-178.plesk.page\/","name":"Headoffice","description":"Synergies","potentialAction":[{"@type":"SearchAction","target":{"@type":"EntryPoint","urlTemplate":"https:\/\/youthful-zhukovsky.89-188-72-178.plesk.page\/?s={search_term_string}"},"query-input":{"@type":"PropertyValueSpecification","valueRequired":true,"valueName":"search_term_string"}}],"inLanguage":"da-DK"}]}},"_links":{"self":[{"href":"https:\/\/youthful-zhukovsky.89-188-72-178.plesk.page\/index.php?rest_route=\/wp\/v2\/pages\/15","targetHints":{"allow":["GET"]}}],"collection":[{"href":"https:\/\/youthful-zhukovsky.89-188-72-178.plesk.page\/index.php?rest_route=\/wp\/v2\/pages"}],"about":[{"href":"https:\/\/youthful-zhukovsky.89-188-72-178.plesk.page\/index.php?rest_route=\/wp\/v2\/types\/page"}],"author":[{"embeddable":true,"href":"https:\/\/youthful-zhukovsky.89-188-72-178.plesk.page\/index.php?rest_route=\/wp\/v2\/users\/1"}],"replies":[{"embeddable":true,"href":"https:\/\/youthful-zhukovsky.89-188-72-178.plesk.page\/index.php?rest_route=%2Fwp%2Fv2%2Fcomments&post=15"}],"version-history":[{"count":57,"href":"https:\/\/youthful-zhukovsky.89-188-72-178.plesk.page\/index.php?rest_route=\/wp\/v2\/pages\/15\/revisions"}],"predecessor-version":[{"id":299,"href":"https:\/\/youthful-zhukovsky.89-188-72-178.plesk.page\/index.php?rest_route=\/wp\/v2\/pages\/15\/revisions\/299"}],"wp:attachment":[{"href":"https:\/\/youthful-zhukovsky.89-188-72-178.plesk.page\/index.php?rest_route=%2Fwp%2Fv2%2Fmedia&parent=15"}],"curies":[{"name":"wp","href":"https:\/\/api.w.org\/{rel}","templated":true}]}}