{"id":103,"date":"2022-01-30T16:24:36","date_gmt":"2022-01-30T15:24:36","guid":{"rendered":"https:\/\/youthful-zhukovsky.89-188-72-178.plesk.page.linux26.curanetserver.dk\/?page_id=103"},"modified":"2023-03-13T19:35:32","modified_gmt":"2023-03-13T18:35:32","slug":"lej-en-stol","status":"publish","type":"page","link":"https:\/\/youthful-zhukovsky.89-188-72-178.plesk.page\/?page_id=103","title":{"rendered":"Lej en stol"},"content":{"rendered":"<p>[et_pb_section fb_built=&#8221;1&#8243; _builder_version=&#8221;4.14.7&#8243; _module_preset=&#8221;default&#8221; background_enable_color=&#8221;off&#8221; background_image=&#8221;https:\/\/youthful-zhukovsky.89-188-72-178.plesk.page.linux26.curanetserver.dk\/wp-content\/uploads\/2022\/11\/Untitled-1.jpg&#8221; global_colors_info=&#8221;{}&#8221;][et_pb_row _builder_version=&#8221;4.14.2&#8243; _module_preset=&#8221;default&#8221; global_colors_info=&#8221;{}&#8221;][et_pb_column type=&#8221;4_4&#8243; _builder_version=&#8221;4.14.2&#8243; _module_preset=&#8221;default&#8221; global_colors_info=&#8221;{}&#8221;][et_pb_text content_tablet=&#8221;<\/p>\n<h1>better<\/h1>\n<h1>together<\/h1>\n<p>&#8221; content_phone=&#8221;<\/p>\n<h1>better<\/h1>\n<h1>together<\/h1>\n<p>&#8221; content_last_edited=&#8221;on|phone&#8221; _builder_version=&#8221;4.14.7&#8243; _module_preset=&#8221;default&#8221; header_text_align=&#8221;center&#8221; header_text_color=&#8221;gcid-71657897-033a-420f-84aa-d19498af07d2&#8243; header_font_size=&#8221;80px&#8221; header_line_height=&#8221;0.9em&#8221; header_font_size_tablet=&#8221;80px&#8221; header_font_size_phone=&#8221;42px&#8221; header_font_size_last_edited=&#8221;on|phone&#8221; global_colors_info=&#8221;{%22gcid-71657897-033a-420f-84aa-d19498af07d2%22:%91%22header_text_color%22%93}&#8221;]<\/p>\n<h1>Lej en<br \/>stol<\/h1>\n<p>[\/et_pb_text][et_pb_text _builder_version=&#8221;4.14.7&#8243; _module_preset=&#8221;default&#8221; text_text_color=&#8221;#FFED00&#8243; header_3_text_color=&#8221;gcid-71657897-033a-420f-84aa-d19498af07d2&#8243; header_3_font_size=&#8221;20px&#8221; header_3_line_height=&#8221;2.3em&#8221; header_5_text_color=&#8221;gcid-71657897-033a-420f-84aa-d19498af07d2&#8243; header_5_font_size=&#8221;14px&#8221; header_5_line_height=&#8221;1.6em&#8221; custom_margin=&#8221;28px||0px||false|false&#8221; custom_margin_tablet=&#8221;28px||80px||false|false&#8221; custom_margin_phone=&#8221;35px||35px||true|false&#8221; custom_margin_last_edited=&#8221;on|desktop&#8221; custom_padding=&#8221;|10%||10%|false|false&#8221; custom_padding_tablet=&#8221;|10%||10%|false|false&#8221; custom_padding_phone=&#8221;|0%||0%|false|false&#8221; custom_padding_last_edited=&#8221;on|phone&#8221; global_colors_info=&#8221;{%22gcid-71657897-033a-420f-84aa-d19498af07d2%22:%91%22header_3_text_color%22,%22header_5_text_color%22%93}&#8221;]<\/p>\n<h3>Nyt unikt fris\u00f8rf\u00e6llesskab i Aarhus<\/h3>\n<h5>Har du passion for fris\u00f8rfaget, steady hands, et knivskarpt \u00f8je for trends og tendenser &#8211; og er du frem for alt kundeminded, s\u00e5 er det m\u00e5ske dig, der skal leje en stol hos Headoffice i Aarhus?<\/h5>\n<h5>Headoffice huser et team af selvst\u00e6ndige, professionelle fris\u00f8rer, hvor b\u00e5de nye \u00f8jne, frisk udl\u00e6rte, og erfarne h\u00e6nder arbejder sammen om at give kunderne den ypperste behandling. Salonen arbejder udelukkende med high end produkter fra Wella, Shu Uemura, Lernberger, Innosense mm&#8230;<br \/>Salonen ligger i J\u00e6gerg\u00e5rdsgade &#8211; byens absolut mest attraktive kvarter.<\/h5>\n<h5>Det fleksible setup giver dig mulighed for selv at bestemme arbejdstid, \u00f8konomi og ferie.<\/h5>\n<h5><\/h5>\n<p>[\/et_pb_text][et_pb_text _builder_version=&#8221;4.14.7&#8243; _module_preset=&#8221;default&#8221; header_text_color=&#8221;gcid-71657897-033a-420f-84aa-d19498af07d2&#8243; custom_margin=&#8221;16px|||||&#8221; link_option_url=&#8221;https:\/\/frisorjob.dk\/view\/ledigejob\/entry\/2730\/&#8221; link_option_url_new_window=&#8221;on&#8221; global_colors_info=&#8221;{%22gcid-71657897-033a-420f-84aa-d19498af07d2%22:%91%22header_text_color%22%93}&#8221;]<\/p>\n<h1 style=\"text-align: center;\">Se aktuelle tilbud<\/h1>\n<p>[\/et_pb_text][et_pb_text _builder_version=&#8221;4.14.7&#8243; _module_preset=&#8221;default&#8221; text_text_color=&#8221;#FFED00&#8243; header_3_text_color=&#8221;gcid-71657897-033a-420f-84aa-d19498af07d2&#8243; header_3_font_size=&#8221;20px&#8221; header_3_line_height=&#8221;2.3em&#8221; header_5_text_color=&#8221;gcid-71657897-033a-420f-84aa-d19498af07d2&#8243; header_5_font_size=&#8221;14px&#8221; header_5_line_height=&#8221;1.6em&#8221; custom_margin=&#8221;28px||80px||false|false&#8221; custom_margin_tablet=&#8221;28px||80px||false|false&#8221; custom_margin_phone=&#8221;35px||35px||true|false&#8221; custom_margin_last_edited=&#8221;on|desktop&#8221; custom_padding=&#8221;|10%||10%|false|false&#8221; custom_padding_tablet=&#8221;|10%||10%|false|false&#8221; custom_padding_phone=&#8221;|0%||0%|false|false&#8221; custom_padding_last_edited=&#8221;on|phone&#8221; hover_enabled=&#8221;0&#8243; global_colors_info=&#8221;{%22gcid-71657897-033a-420f-84aa-d19498af07d2%22:%91%22header_3_text_color%22,%22header_5_text_color%22%93}&#8221; sticky_enabled=&#8221;0&#8243;]<\/p>\n<h5><\/h5>\n<h5>Prisen for leje af en stol i salonen er 8.755 kr pr. m\u00e5ned ex moms. og den pris inkluderer udover stoleleje: Hairtools, vand, varme, kaffe, og blade. Varelager\/Kemi afregnes efter forbrug.<\/h5>\n<h5>Skulle du have lyst til livet som selvst\u00e6ndig, med alt hvad det indeb\u00e6rer af udfordringer og i s\u00e6rdeleshed ogs\u00e5 gl\u00e6der, s\u00e5 t\u00f8v ikke med at kontakte os, s\u00e5 vil vi med gl\u00e6de uddybe og svare p\u00e5 dine sp\u00f8rgsm\u00e5l.<\/h5>\n<h5>Hilsen Lani<\/h5>\n<p>[\/et_pb_text][et_pb_image src=&#8221;https:\/\/youthful-zhukovsky.89-188-72-178.plesk.page.linux26.curanetserver.dk\/wp-content\/uploads\/2023\/02\/headoffice_logo_salmon.png&#8221; title_text=&#8221;headoffice_logo_salmon&#8221; url=&#8221;\/&#8221; _builder_version=&#8221;4.14.7&#8243; _module_preset=&#8221;default&#8221; max_width=&#8221;67%&#8221; max_width_tablet=&#8221;67%&#8221; max_width_phone=&#8221;67%&#8221; max_width_last_edited=&#8221;on|desktop&#8221; module_alignment=&#8221;center&#8221; global_colors_info=&#8221;{}&#8221;][\/et_pb_image][\/et_pb_column][\/et_pb_row][\/et_pb_section]<\/p>\n","protected":false},"excerpt":{"rendered":"<p>Lej enstolNyt unikt fris\u00f8rf\u00e6llesskab i Aarhus Har du passion for fris\u00f8rfaget, steady hands, et knivskarpt \u00f8je for trends og tendenser &#8211; og er du frem for alt kundeminded, s\u00e5 er det m\u00e5ske dig, der skal leje en stol hos Headoffice i Aarhus? Headoffice huser et team af selvst\u00e6ndige, professionelle fris\u00f8rer, hvor b\u00e5de nye \u00f8jne, frisk [&hellip;]<\/p>\n","protected":false},"author":1,"featured_media":0,"parent":0,"menu_order":0,"comment_status":"closed","ping_status":"closed","template":"","meta":{"_et_pb_use_builder":"on","_et_pb_old_content":"","_et_gb_content_width":"","footnotes":""},"class_list":["post-103","page","type-page","status-publish","hentry"],"yoast_head":"<!-- This site is optimized with the Yoast SEO plugin v27.0 - https:\/\/yoast.com\/product\/yoast-seo-wordpress\/ -->\n<title>Lej en stol - Headoffice<\/title>\n<meta name=\"robots\" content=\"index, follow, max-snippet:-1, max-image-preview:large, max-video-preview:-1\" \/>\n<link rel=\"canonical\" href=\"https:\/\/youthful-zhukovsky.89-188-72-178.plesk.page\/?page_id=103\" \/>\n<meta property=\"og:locale\" content=\"da_DK\" \/>\n<meta property=\"og:type\" content=\"article\" \/>\n<meta property=\"og:title\" content=\"Lej en stol - Headoffice\" \/>\n<meta property=\"og:description\" content=\"Lej enstolNyt unikt fris\u00f8rf\u00e6llesskab i Aarhus Har du passion for fris\u00f8rfaget, steady hands, et knivskarpt \u00f8je for trends og tendenser - og er du frem for alt kundeminded, s\u00e5 er det m\u00e5ske dig, der skal leje en stol hos Headoffice i Aarhus? Headoffice huser et team af selvst\u00e6ndige, professionelle fris\u00f8rer, hvor b\u00e5de nye \u00f8jne, frisk [&hellip;]\" \/>\n<meta property=\"og:url\" content=\"https:\/\/youthful-zhukovsky.89-188-72-178.plesk.page\/?page_id=103\" \/>\n<meta property=\"og:site_name\" content=\"Headoffice\" \/>\n<meta property=\"article:modified_time\" content=\"2023-03-13T18:35:32+00:00\" \/>\n<meta name=\"twitter:card\" content=\"summary_large_image\" \/>\n<meta name=\"twitter:label1\" content=\"Estimeret l\u00e6setid\" \/>\n\t<meta name=\"twitter:data1\" content=\"3 minutter\" \/>\n<script type=\"application\/ld+json\" class=\"yoast-schema-graph\">{\"@context\":\"https:\/\/schema.org\",\"@graph\":[{\"@type\":\"WebPage\",\"@id\":\"https:\/\/youthful-zhukovsky.89-188-72-178.plesk.page\/?page_id=103\",\"url\":\"https:\/\/youthful-zhukovsky.89-188-72-178.plesk.page\/?page_id=103\",\"name\":\"Lej en stol - Headoffice\",\"isPartOf\":{\"@id\":\"https:\/\/youthful-zhukovsky.89-188-72-178.plesk.page\/#website\"},\"datePublished\":\"2022-01-30T15:24:36+00:00\",\"dateModified\":\"2023-03-13T18:35:32+00:00\",\"breadcrumb\":{\"@id\":\"https:\/\/youthful-zhukovsky.89-188-72-178.plesk.page\/?page_id=103#breadcrumb\"},\"inLanguage\":\"da-DK\",\"potentialAction\":[{\"@type\":\"ReadAction\",\"target\":[\"https:\/\/youthful-zhukovsky.89-188-72-178.plesk.page\/?page_id=103\"]}]},{\"@type\":\"BreadcrumbList\",\"@id\":\"https:\/\/youthful-zhukovsky.89-188-72-178.plesk.page\/?page_id=103#breadcrumb\",\"itemListElement\":[{\"@type\":\"ListItem\",\"position\":1,\"name\":\"Hjem\",\"item\":\"https:\/\/youthful-zhukovsky.89-188-72-178.plesk.page\/\"},{\"@type\":\"ListItem\",\"position\":2,\"name\":\"Lej en stol\"}]},{\"@type\":\"WebSite\",\"@id\":\"https:\/\/youthful-zhukovsky.89-188-72-178.plesk.page\/#website\",\"url\":\"https:\/\/youthful-zhukovsky.89-188-72-178.plesk.page\/\",\"name\":\"Headoffice\",\"description\":\"Synergies\",\"potentialAction\":[{\"@type\":\"SearchAction\",\"target\":{\"@type\":\"EntryPoint\",\"urlTemplate\":\"https:\/\/youthful-zhukovsky.89-188-72-178.plesk.page\/?s={search_term_string}\"},\"query-input\":{\"@type\":\"PropertyValueSpecification\",\"valueRequired\":true,\"valueName\":\"search_term_string\"}}],\"inLanguage\":\"da-DK\"}]}<\/script>\n<!-- \/ Yoast SEO plugin. -->","yoast_head_json":{"title":"Lej en stol - Headoffice","robots":{"index":"index","follow":"follow","max-snippet":"max-snippet:-1","max-image-preview":"max-image-preview:large","max-video-preview":"max-video-preview:-1"},"canonical":"https:\/\/youthful-zhukovsky.89-188-72-178.plesk.page\/?page_id=103","og_locale":"da_DK","og_type":"article","og_title":"Lej en stol - Headoffice","og_description":"Lej enstolNyt unikt fris\u00f8rf\u00e6llesskab i Aarhus Har du passion for fris\u00f8rfaget, steady hands, et knivskarpt \u00f8je for trends og tendenser - og er du frem for alt kundeminded, s\u00e5 er det m\u00e5ske dig, der skal leje en stol hos Headoffice i Aarhus? Headoffice huser et team af selvst\u00e6ndige, professionelle fris\u00f8rer, hvor b\u00e5de nye \u00f8jne, frisk [&hellip;]","og_url":"https:\/\/youthful-zhukovsky.89-188-72-178.plesk.page\/?page_id=103","og_site_name":"Headoffice","article_modified_time":"2023-03-13T18:35:32+00:00","twitter_card":"summary_large_image","twitter_misc":{"Estimeret l\u00e6setid":"3 minutter"},"schema":{"@context":"https:\/\/schema.org","@graph":[{"@type":"WebPage","@id":"https:\/\/youthful-zhukovsky.89-188-72-178.plesk.page\/?page_id=103","url":"https:\/\/youthful-zhukovsky.89-188-72-178.plesk.page\/?page_id=103","name":"Lej en stol - Headoffice","isPartOf":{"@id":"https:\/\/youthful-zhukovsky.89-188-72-178.plesk.page\/#website"},"datePublished":"2022-01-30T15:24:36+00:00","dateModified":"2023-03-13T18:35:32+00:00","breadcrumb":{"@id":"https:\/\/youthful-zhukovsky.89-188-72-178.plesk.page\/?page_id=103#breadcrumb"},"inLanguage":"da-DK","potentialAction":[{"@type":"ReadAction","target":["https:\/\/youthful-zhukovsky.89-188-72-178.plesk.page\/?page_id=103"]}]},{"@type":"BreadcrumbList","@id":"https:\/\/youthful-zhukovsky.89-188-72-178.plesk.page\/?page_id=103#breadcrumb","itemListElement":[{"@type":"ListItem","position":1,"name":"Hjem","item":"https:\/\/youthful-zhukovsky.89-188-72-178.plesk.page\/"},{"@type":"ListItem","position":2,"name":"Lej en stol"}]},{"@type":"WebSite","@id":"https:\/\/youthful-zhukovsky.89-188-72-178.plesk.page\/#website","url":"https:\/\/youthful-zhukovsky.89-188-72-178.plesk.page\/","name":"Headoffice","description":"Synergies","potentialAction":[{"@type":"SearchAction","target":{"@type":"EntryPoint","urlTemplate":"https:\/\/youthful-zhukovsky.89-188-72-178.plesk.page\/?s={search_term_string}"},"query-input":{"@type":"PropertyValueSpecification","valueRequired":true,"valueName":"search_term_string"}}],"inLanguage":"da-DK"}]}},"_links":{"self":[{"href":"https:\/\/youthful-zhukovsky.89-188-72-178.plesk.page\/index.php?rest_route=\/wp\/v2\/pages\/103","targetHints":{"allow":["GET"]}}],"collection":[{"href":"https:\/\/youthful-zhukovsky.89-188-72-178.plesk.page\/index.php?rest_route=\/wp\/v2\/pages"}],"about":[{"href":"https:\/\/youthful-zhukovsky.89-188-72-178.plesk.page\/index.php?rest_route=\/wp\/v2\/types\/page"}],"author":[{"embeddable":true,"href":"https:\/\/youthful-zhukovsky.89-188-72-178.plesk.page\/index.php?rest_route=\/wp\/v2\/users\/1"}],"replies":[{"embeddable":true,"href":"https:\/\/youthful-zhukovsky.89-188-72-178.plesk.page\/index.php?rest_route=%2Fwp%2Fv2%2Fcomments&post=103"}],"version-history":[{"count":12,"href":"https:\/\/youthful-zhukovsky.89-188-72-178.plesk.page\/index.php?rest_route=\/wp\/v2\/pages\/103\/revisions"}],"predecessor-version":[{"id":226,"href":"https:\/\/youthful-zhukovsky.89-188-72-178.plesk.page\/index.php?rest_route=\/wp\/v2\/pages\/103\/revisions\/226"}],"wp:attachment":[{"href":"https:\/\/youthful-zhukovsky.89-188-72-178.plesk.page\/index.php?rest_route=%2Fwp%2Fv2%2Fmedia&parent=103"}],"curies":[{"name":"wp","href":"https:\/\/api.w.org\/{rel}","templated":true}]}}